{"id":1543,"date":"2015-08-09T13:55:10","date_gmt":"2015-08-09T11:55:10","guid":{"rendered":"http:\/\/www.annur.de\/wp\/?page_id=1543"},"modified":"2019-12-28T13:51:56","modified_gmt":"2019-12-28T12:51:56","slug":"1543-2","status":"publish","type":"page","link":"https:\/\/www.annur.de\/wp\/ar\/1543-2\/","title":{"rendered":"\u0645\u0646 \u0646\u062d\u0646"},"content":{"rendered":"<div class=\"grid_24 \"><p class=\"kufi\" dir=\"rtl\" align=\"center\">\u062c\u0645\u0639\u064a\u0629 \u0627\u0644\u062d\u0648\u0627\u0631 \u0648\u0627\u0644\u062a\u0641\u0627\u0647\u0645 \u0628\u064a\u0646 \u0627\u0644\u0634\u0639\u0648\u0628 \u0628\u0645\u062f\u064a\u0646\u0629 \u0643\u0627\u0631\u0644\u0633\u0631\u0648\u0647 \u062c. \u0645.<\/p>\n<p class=\"kufi\" dir=\"rtl\" align=\"center\">\u0645\u0633\u062c\u062f \u0627\u0644\u0646\u0648\u0631<\/p><\/div>\n<div class=\"clear\"><\/div>\n<div class=\"grid_17 \"><p class=\"title\" dir=\"rtl\" style=\"font-size: 36px; color: #74a6a3;\">\u0645\u0633\u062c\u062f \u0627\u0644\u0646\u0651\u0648\u0631<\/p>\n<p class=\"subTitle\" dir=\"rtl\" style=\"color: #eb9c63; font-weight: bold;\">\u0628\u0633\u0645 \u0627\u0644\u0644\u0647 \u0627\u0644\u0631\u062d\u0645\u0646 \u0627\u0644\u0631\u062d\u064a\u0645<\/p>\n<div class=\"naskh\" dir=\"rtl\">\n<h3 style=\"text-align: left;\" align=\"center\">\u0645\u0639 \u0628\u0639\u0636 \u0645\u0646 \u0623\u062c\u0644 \u0627\u0644\u0643\u0644<\/h3>\n<p>\u062c\u0645\u0639\u064a\u0629 \u0627\u0644\u062d\u0648\u0627\u0631 \u0648\u0627\u0644\u062a\u0641\u0627\u0647\u0645 \u0628\u064a\u0646 \u0627\u0644\u0634\u0639\u0648\u0628 \u0628\u0643\u0627\u0631\u0644\u0633\u0631\u0648\u0647 \u0647\u064a \u062c\u0645\u0639\u064a\u0629 \u0645\u0633\u062c\u0644\u0629 \u0639\u0646\u062f \u0627\u0644\u0625\u062f\u0627\u0631\u0629 \u0627\u0644\u0623\u0644\u0645\u0627\u0646\u064a\u0629 \u0645\u0646\u0630 1994-06-29 \u0648\u0647\u064a \u0627\u0644\u062c\u0647\u0629 \u0627\u0644\u0642\u0627\u0646\u0648\u0646\u064a\u0629 \u0644\u0625\u062f\u0627\u0631\u0629 \u0645\u0633\u062c\u062f \u0627\u0644\u0646\u0648\u0631 \u0648\u0645\u0646 \u062e\u0644\u0627\u0644\u0647\u0627 \u0646\u0647\u062f\u0641 \u0644\u062e\u062f\u0645\u0629 \u0627\u0644\u0645\u0633\u0644\u0645\u064a\u0646 \u0641\u064a \u0627\u0644\u0645\u062f\u064a\u0646\u0629 \u0648\u0645\u0646 \u062d\u0648\u0644\u0647\u0627 \u0648\u062a\u062f\u0639\u0645 \u0627\u0644\u062d\u0648\u0627\u0631 \u0648\u0627\u0644\u062a\u0641\u0627\u0647\u0645 \u0645\u0639 \u063a\u064a\u0631 \u0627\u0644\u0645\u0633\u0644\u0645\u064a\u0646 \u062e\u062f\u0645\u0629 \u0644\u0644\u062a\u0639\u0627\u064a\u0634 \u0627\u0644\u0633\u0644\u0645\u064a \u0648\u0627\u0644\u0627\u062d\u062a\u0631\u0627\u0645 \u0627\u0644\u0645\u062a\u0628\u0627\u062f\u0644.<\/p>\n<\/p>\n<p style=\"text-align: left;\">Der Verein f\u00fcr Dialog und V\u00f6lkerverst\u00e4ndigung in Karlsruhe e.V. ist seit dem 29.06.1994 ein eingetragener Verein. Der Verein ist Tr\u00e4ger der Annur Moschee.<\/p>\n<p style=\"text-align: left;\">Der Verein ist f\u00fcr Muslime und Freunde des Islam aller Nationalit\u00e4ten offen. Er f\u00f6rdert den Dialog und die V\u00f6lkerverst\u00e4ndigung und steht f\u00fcr ein friedliches Zusammenleben und gegenseitigen Respekt.<\/p>\n<p style=\"text-align: left;\">Der Verein ist unabh\u00e4ngig von anderen Vereinen, Institutionen oder politischen Parteien. Der Verein finanziert sich haupts\u00e4chlich \u00fcber die Mitgliedsbeitr\u00e4ge und \u00fcber Spenden.<\/p>\n<p>Der Verein unterh\u00e4lt eigene R\u00e4umlichkeiten in der Pfannkuchstr. 7 in Karlsruhe-Daxlanden.<\/p>\n<\/p>\n<h3>Mitglieder<\/h3>\n<p>Der Verein z\u00e4hlt ca. 60 ordentliche Mitglieder, das Aktivit\u00e4tsumfeld umfasst jedoch mehr als 1000 Personen. Die Vereinsmitglieder kommen aus verschiedenen L\u00e4ndern: haupts\u00e4chlich aus dem arabischsprachigen Raum, in den Verein kommen aber auch Indonesier, Pakistaner, Afrikaner, T\u00fcrken und nat\u00fcrlich Deutsche.<\/p>\n<\/p>\n<h3 style=\"text-align: left;\">Ziele und Aktivit\u00e4ten<\/h3>\n<p style=\"text-align: left;\">Der Verein verfolgt zwei richtungsweisende Ziele:<\/p>\n<p style=\"text-align: left;\"><strong>Das eine<\/strong> ist die Unterst\u00fctzung der Muslime bei der Aus\u00fcbung ihrer Religion.<\/p>\n<p style=\"text-align: left;\">Dies gliedert sich in mehreren Aufgaben, darunter:<\/p>\n<ul>\n<li>Einrichten und Unterhalt des Gebetsraumes<\/li>\n<li>Das Freitagsgebet<\/li>\n<li>Arabisch- und Religionsunterricht f\u00fcr Kinder<\/li>\n<li>Vortr\u00e4ge und Seminare in deutscher und arabischer Sprache<\/li>\n<li>Organisieren und Feiern der islamischen Feste (Ramadhan, Opferfest)<\/li>\n<li>Freizeitveranstaltungen f\u00fcr Jung und Alt<\/li>\n<li>Jugendaktivit\u00e4ten<\/li>\n<li>Beratung und Hilfestellung bei famili\u00e4ren und sozialen Angelegenheiten<\/li>\n<\/ul>\n<p style=\"text-align: left;\">Zu dieser (internen) Zielsetzung geh\u00f6rt aber auch das soziale Engagement unter den Muslimen, denn die Vereinsr\u00e4ume sind nicht nur als Gebetsr\u00e4ume anzusehen, sie sind mehr ein sozialer und kultureller Treffpunkt.<\/p>\n<p style=\"text-align: left;\">Die Muslime treffen sich insbesondere am Wochenende und zu den islamischen Anl\u00e4ssen zu gemeinsamen Gespr\u00e4chen \u00fcber den Islam und \u00fcber die allt\u00e4glichen Probleme.<\/p>\n<p style=\"text-align: left;\">Es finden verschiedene w\u00f6chentliche Gespr\u00e4chs- und Lernkreise statt, sowohl f\u00fcr M\u00e4nner als auch f\u00fcr Frauen und Jugendliche.<\/p>\n<p style=\"text-align: left;\"><strong>Das andere<\/strong> richtungsweisende Ziel ist das F\u00f6rdern eines besseren Miteinanders zwischen Muslimen und ihren Mitb\u00fcrgern.<\/p>\n<p style=\"text-align: left;\">Um diesem Ziel n\u00e4her zu kommen, hat der Verein folgende Aktivit\u00e4ten:<\/p>\n<ul>\n<li>\u201eTag der offenen Moschee\u201c, j\u00e4hrlich am 03. Oktober<\/li>\n<li>Moscheef\u00fchrungen f\u00fcr Schulklassen, andere Institutionen und interessierte Menschen<\/li>\n<li>Mitarbeit in der \u201eChristlich-Islamischen Gesellschaft in Karlsruhe e.V.\u201c<\/li>\n<li>Teilnahme an verschiedenen \u00f6ffentlichen Veranstaltungen<\/li>\n<li>Kontaktpflege mit der Stadtverwaltung und anderen Vereinen<\/li>\n<li>Kooperation mit anderen muslimischen Vereinen in Karlsruhe<\/li>\n<\/ul>\n<p style=\"text-align: left;\">V\u00f6lkerverst\u00e4ndigung, Dialog und Vielfalt sind die gottgewollte Form der menschlichen Koexistenz. Im Koran 49:13 hei\u00dft es: \u201e<strong><em>O ihr Menschen, Wir haben euch aus Mann und Frau erschaffen und euch zu V\u00f6lkern und St\u00e4mmen gemacht, auf dass ihr einander kennen lernen m\u00f6get.<\/em><\/strong>\u201c<\/p>\n<p style=\"text-align: left;\" align=\"center\">Wir freuen uns,<\/p>\n<ul>\n<li>Sie n\u00e4her kennen lernen zu d\u00fcrfen und Ihnen die M\u00f6glichkeit geben zu k\u00f6nnen, uns n\u00e4her kennen zu lernen.<\/li>\n<li>Unseren Beitrag zu einem besseren Miteinander in Karlsruhe leisten zu k\u00f6nnen.<\/li>\n<li>Durch das Mitmachen, sich beteiligen und Mitgestalten, dieser Gesellschaft etwas geben zu k\u00f6nnen<\/li>\n<\/ul>\n<\/div><\/div>\n<div class=\"grid_7 \"><div style=\"text-align: right;\">\n<p><img loading=\"lazy\" class=\"alignnone size-full wp-image-510\" style=\"margin: 4px;\" src=\"http:\/\/www.annur.de\/wp\/wp-content\/uploads\/2012\/02\/logo_annur_about.png\" alt=\"\" width=\"260\" height=\"246\" \/><\/p>\n<p><img loading=\"lazy\" class=\"alignnone size-full wp-image-511\" style=\"border: solid 4px #accac7;\" src=\"http:\/\/www.annur.de\/wp\/wp-content\/uploads\/2012\/02\/photo_right_row_1.jpg\" alt=\"\" width=\"260\" height=\"663\" \/><\/p>\n<p><img loading=\"lazy\" class=\"alignnone size-full wp-image-512\" style=\"border: solid 4px #accac7;\" src=\"http:\/\/www.annur.de\/wp\/wp-content\/uploads\/2012\/02\/photo_right_row_2.jpg\" alt=\"\" width=\"260\" height=\"539\" srcset=\"https:\/\/www.annur.de\/wp\/wp-content\/uploads\/2012\/02\/photo_right_row_2.jpg 260w, https:\/\/www.annur.de\/wp\/wp-content\/uploads\/2012\/02\/photo_right_row_2-144x300.jpg 144w\" sizes=\"(max-width: 260px) 100vw, 260px\" \/><\/p>\n<\/div><\/div>\n","protected":false},"excerpt":{"rendered":"","protected":false},"author":2,"featured_media":0,"parent":0,"menu_order":0,"comment_status":"open","ping_status":"open","template":"page-fullwidth.php","meta":[],"_links":{"self":[{"href":"https:\/\/www.annur.de\/wp\/wp-json\/wp\/v2\/pages\/1543"}],"collection":[{"href":"https:\/\/www.annur.de\/wp\/wp-json\/wp\/v2\/pages"}],"about":[{"href":"https:\/\/www.annur.de\/wp\/wp-json\/wp\/v2\/types\/page"}],"author":[{"embeddable":true,"href":"https:\/\/www.annur.de\/wp\/wp-json\/wp\/v2\/users\/2"}],"replies":[{"embeddable":true,"href":"https:\/\/www.annur.de\/wp\/wp-json\/wp\/v2\/comments?post=1543"}],"version-history":[{"count":16,"href":"https:\/\/www.annur.de\/wp\/wp-json\/wp\/v2\/pages\/1543\/revisions"}],"predecessor-version":[{"id":3376,"href":"https:\/\/www.annur.de\/wp\/wp-json\/wp\/v2\/pages\/1543\/revisions\/3376"}],"wp:attachment":[{"href":"https:\/\/www.annur.de\/wp\/wp-json\/wp\/v2\/media?parent=1543"}],"curies":[{"name":"wp","href":"https:\/\/api.w.org\/{rel}","templated":true}]}}